{"id":128,"date":"2025-04-30T21:40:42","date_gmt":"2025-04-30T21:40:42","guid":{"rendered":"https:\/\/protechafrique.com\/?page_id=128"},"modified":"2025-05-13T17:49:51","modified_gmt":"2025-05-13T17:49:51","slug":"our-services","status":"publish","type":"page","link":"https:\/\/protechafrique.com\/fr\/nos-services\/","title":{"rendered":"Nos Services"},"content":{"rendered":"<p>[et_pb_section fb_built=&#8221;1&#8243; _builder_version=&#8221;4.27.4&#8243; _module_preset=&#8221;default&#8221; background_image=&#8221;https:\/\/protechafrique.com\/wp-content\/uploads\/2025\/04\/printerfix-b2.jpg&#8221; height=&#8221;400px&#8221; max_height=&#8221;1000px&#8221; global_colors_info=&#8221;{}&#8221;][et_pb_row _builder_version=&#8221;4.27.4&#8243; _module_preset=&#8221;default&#8221; custom_margin=&#8221;9px|auto||auto|false|false&#8221; global_colors_info=&#8221;{}&#8221;][et_pb_column type=&#8221;4_4&#8243; _builder_version=&#8221;4.27.4&#8243; _module_preset=&#8221;default&#8221; global_colors_info=&#8221;{}&#8221;][et_pb_text _builder_version=&#8221;4.27.4&#8243; _module_preset=&#8221;default&#8221; text_font=&#8221;Aclonica||||||||&#8221; text_text_color=&#8221;#FFFFFF&#8221; text_font_size=&#8221;52px&#8221; text_line_height=&#8221;-14.7em&#8221; header_text_align=&#8221;center&#8221; header_text_color=&#8221;#FFFFFF&#8221; global_colors_info=&#8221;{}&#8221;]<\/p>\n<p style=\"text-align: center;\">Nos Services<\/p>\n<p>[\/et_pb_text][\/et_pb_column][\/et_pb_row][\/et_pb_section][et_pb_section fb_built=&#8221;1&#8243; _builder_version=&#8221;4.27.4&#8243; _module_preset=&#8221;default&#8221; global_colors_info=&#8221;{}&#8221;][et_pb_row column_structure=&#8221;1_2,1_2&#8243; _builder_version=&#8221;4.27.4&#8243; _module_preset=&#8221;default&#8221; background_color=&#8221;#FFFFFF&#8221; custom_margin=&#8221;-82px||||false|false&#8221; border_radii=&#8221;on|15px|15px|15px|15px&#8221; border_color_all=&#8221;#000000&#8243; box_shadow_style=&#8221;preset1&#8243; global_colors_info=&#8221;{}&#8221;][et_pb_column type=&#8221;1_2&#8243; _builder_version=&#8221;4.27.4&#8243; _module_preset=&#8221;default&#8221; global_colors_info=&#8221;{}&#8221;][et_pb_text _builder_version=&#8221;4.27.4&#8243; _module_preset=&#8221;default&#8221; text_font=&#8221;|800|||||||&#8221; text_text_color=&#8221;#000000&#8243; text_font_size=&#8221;30px&#8221; text_letter_spacing=&#8221;-1px&#8221; global_colors_info=&#8221;{}&#8221;]<\/p>\n<p style=\"text-align: center;\">R\u00e9paration des services d'urgence<\/p>\n<p>[\/et_pb_text][et_pb_text _builder_version=&#8221;4.27.4&#8243; _module_preset=&#8221;default&#8221; text_font=&#8221;|700|||||||&#8221; text_text_color=&#8221;#000000&#8243; text_font_size=&#8221;17px&#8221; text_orientation=&#8221;center&#8221; global_colors_info=&#8221;{}&#8221;]<\/p>\n<p>Intervention rapide sur site pour r\u00e9parer une machine d\u00e9fectueuse<\/p>\n<p>[\/et_pb_text][et_pb_text _builder_version=&#8221;4.27.4&#8243; _module_preset=&#8221;default&#8221; text_text_color=&#8221;#000000&#8243; global_colors_info=&#8221;{}&#8221;]<\/p>\n<p style=\"text-align: center;\">Si votre machine est en panne ou pr\u00e9sente un d\u00e9faut grave, notre \u00e9quipe d'experts diagnostiquera le probl\u00e8me et organisera l'intervention sur site d'un de nos ing\u00e9nieurs certifi\u00e9s pour la r\u00e9parer. Notre priorit\u00e9 est de la r\u00e9parer au plus vite.<\/p>\n<p>[\/et_pb_text][et_pb_button button_text=&#8221;View more&#8221; button_alignment=&#8221;center&#8221; _builder_version=&#8221;4.27.4&#8243; _module_preset=&#8221;default&#8221; custom_button=&#8221;on&#8221; button_text_color=&#8221;#FFFFFF&#8221; button_bg_color=&#8221;gcid-secondary-color&#8221; button_border_color=&#8221;gcid-secondary-color&#8221; button_border_radius=&#8221;30px&#8221; button_font=&#8221;|700|||||||&#8221; button_icon=&#8221;&#x35;||divi||400&#8243; button_icon_color=&#8221;#FFFFFF&#8221; box_shadow_style=&#8221;preset3&#8243; global_colors_info=&#8221;{%22gcid-secondary-color%22:%91%22button_bg_color%22,%22button_border_color%22%93}&#8221;][\/et_pb_button][\/et_pb_column][et_pb_column type=&#8221;1_2&#8243; _builder_version=&#8221;4.27.4&#8243; _module_preset=&#8221;default&#8221; global_colors_info=&#8221;{}&#8221;][et_pb_text _builder_version=&#8221;4.27.4&#8243; _module_preset=&#8221;default&#8221; text_font=&#8221;|800|||||||&#8221; text_text_color=&#8221;#000000&#8243; text_font_size=&#8221;30px&#8221; text_letter_spacing=&#8221;-1px&#8221; global_colors_info=&#8221;{}&#8221;]<\/p>\n<p style=\"text-align: center;\">Profils ICC<\/p>\n<p>[\/et_pb_text][et_pb_text _builder_version=&#8221;4.27.4&#8243; _module_preset=&#8221;default&#8221; text_font=&#8221;|700|||||||&#8221; text_text_color=&#8221;#000000&#8243; text_font_size=&#8221;17px&#8221; header_2_text_align=&#8221;center&#8221; header_2_text_color=&#8221;#000000&#8243; global_colors_info=&#8221;{}&#8221;]<\/p>\n<p style=\"text-align: center;\">Nous sommes \u00e9galement \u00ab ma\u00eetres \u00bb dans la cr\u00e9ation de toute gestion professionnelle des couleurs ICC qui correspond \u00e0 vos besoins en termes d\u2019utilisation de mat\u00e9riaux et d\u2019encres.<\/p>\n<p>[\/et_pb_text][et_pb_text _builder_version=&#8221;4.27.4&#8243; _module_preset=&#8221;default&#8221; text_text_color=&#8221;#000000&#8243; global_colors_info=&#8221;{}&#8221;]<\/p>\n<p style=\"text-align: center;\">Les profils ICC sont un outil essentiel pour obtenir une reproduction des couleurs homog\u00e8ne et pr\u00e9cise dans le secteur de l'impression. Ils permettent de garantir une reproduction homog\u00e8ne et pr\u00e9cise des couleurs sur diff\u00e9rents appareils.<\/p>\n<p>[\/et_pb_text][et_pb_button button_text=&#8221;View more&#8221; button_alignment=&#8221;center&#8221; _builder_version=&#8221;4.27.4&#8243; _module_preset=&#8221;default&#8221; custom_button=&#8221;on&#8221; button_text_color=&#8221;#FFFFFF&#8221; button_bg_color=&#8221;gcid-secondary-color&#8221; button_border_color=&#8221;gcid-secondary-color&#8221; button_border_radius=&#8221;30px&#8221; button_font=&#8221;|700|||||||&#8221; button_icon=&#8221;&#x35;||divi||400&#8243; box_shadow_style=&#8221;preset3&#8243; global_colors_info=&#8221;{%22gcid-secondary-color%22:%91%22button_bg_color%22,%22button_border_color%22%93}&#8221;][\/et_pb_button][\/et_pb_column][\/et_pb_row][et_pb_row _builder_version=&#8221;4.27.4&#8243; _module_preset=&#8221;default&#8221; custom_margin=&#8221;||50px||false|false&#8221; global_colors_info=&#8221;{}&#8221;][et_pb_column type=&#8221;4_4&#8243; _builder_version=&#8221;4.27.4&#8243; _module_preset=&#8221;default&#8221; global_colors_info=&#8221;{}&#8221;][et_pb_text _builder_version=&#8221;4.27.4&#8243; _module_preset=&#8221;default&#8221; text_font=&#8221;Aclonica|700|||||||&#8221; text_text_color=&#8221;#000000&#8243; text_font_size=&#8221;30px&#8221; header_font=&#8221;Aclonica|700|||||||&#8221; custom_margin=&#8221;50px||20px||false|false&#8221; global_colors_info=&#8221;{}&#8221;]<\/p>\n<p style=\"text-align: center;\">Ce que nous r\u00e9parons<\/p>\n<p>[\/et_pb_text][\/et_pb_column][\/et_pb_row][et_pb_row column_structure=&#8221;1_2,1_2&#8243; _builder_version=&#8221;4.27.4&#8243; _module_preset=&#8221;default&#8221; custom_margin=&#8221;-63px||||false|false&#8221; border_radii=&#8221;on|15px|15px|15px|15px&#8221; box_shadow_style=&#8221;preset1&#8243; global_colors_info=&#8221;{}&#8221;][et_pb_column type=&#8221;1_2&#8243; _builder_version=&#8221;4.27.4&#8243; _module_preset=&#8221;default&#8221; global_colors_info=&#8221;{}&#8221;][et_pb_text _builder_version=&#8221;4.27.4&#8243; _module_preset=&#8221;default&#8221; text_font=&#8221;|700|||||||&#8221; text_text_color=&#8221;#000000&#8243; text_font_size=&#8221;20px&#8221; text_letter_spacing=&#8221;2px&#8221; text_line_height=&#8221;2em&#8221; text_orientation=&#8221;center&#8221; text_text_shadow_style=&#8221;preset3&#8243; global_colors_info=&#8221;{}&#8221;]Printers<br \/>\nImprimantes 3D<br \/>\nCNC Routeurs<br \/>\nPlotter (Traceuse)<br \/>\nTraceur Flatbed<br \/>\nFibre Laser Cutters[\/et_pb_text][\/et_pb_column][et_pb_column type=&#8221;1_2&#8243; _builder_version=&#8221;4.27.4&#8243; _module_preset=&#8221;default&#8221; global_colors_info=&#8221;{}&#8221;][et_pb_text _builder_version=&#8221;4.27.4&#8243; _module_preset=&#8221;default&#8221; text_font=&#8221;|700|||||||&#8221; text_text_color=&#8221;#000000&#8243; text_font_size=&#8221;20px&#8221; text_letter_spacing=&#8221;2px&#8221; text_line_height=&#8221;2em&#8221; text_orientation=&#8221;center&#8221; text_text_shadow_style=&#8221;preset3&#8243; global_colors_info=&#8221;{}&#8221;]Plasma Cutters<br \/>\nMarqueurs laser<br \/>\nPlastifieuses industrielles<br \/>\nS\u00e9rigraphie<br \/>\nNettoyeurs\/soudeurs laser<br \/>\nCO2 Laser Cutters[\/et_pb_text][\/et_pb_column][\/et_pb_row][\/et_pb_section][et_pb_section fb_built=&#8221;1&#8243; _builder_version=&#8221;4.27.4&#8243; _module_preset=&#8221;default&#8221; global_colors_info=&#8221;{}&#8221;][et_pb_row column_structure=&#8221;3_4,1_4&#8243; _builder_version=&#8221;4.27.4&#8243; _module_preset=&#8221;default&#8221; global_colors_info=&#8221;{}&#8221;][et_pb_column type=&#8221;3_4&#8243; _builder_version=&#8221;4.27.4&#8243; _module_preset=&#8221;default&#8221; global_colors_info=&#8221;{}&#8221;][et_pb_text _builder_version=&#8221;4.27.4&#8243; _module_preset=&#8221;default&#8221; text_font=&#8221;|700|||||||&#8221; text_text_color=&#8221;#D81EA0&#8243; text_font_size=&#8221;17px&#8221; global_colors_info=&#8221;{}&#8221;]Get in touch[\/et_pb_text][et_pb_text _builder_version=&#8221;4.27.4&#8243; _module_preset=&#8221;default&#8221; text_font=&#8221;Aclonica|700|||||||&#8221; text_text_color=&#8221;#000000&#8243; text_font_size=&#8221;40px&#8221; header_font=&#8221;Lobster||||||||&#8221; header_font_size=&#8221;45px&#8221; global_colors_info=&#8221;{}&#8221;]<\/p>\n<h1>Contactez-nous<\/h1>\n<p>[\/et_pb_text][et_pb_contact_form captcha=&#8221;off&#8221; email=&#8221;info@protechafrique.com&#8221; success_message=&#8221;Message sent !&#8221; _builder_version=&#8221;4.27.4&#8243; _module_preset=&#8221;default&#8221; _unique_id=&#8221;4a7b80d7-16e6-4a09-9ccb-025c723b97fe&#8221; form_field_background_color=&#8221;#FFFFFF&#8221; form_field_text_color=&#8221;#000000&#8243; form_field_custom_margin=&#8221;7px||||false|false&#8221; captcha_font=&#8221;|600|||||||&#8221; captcha_font_size=&#8221;15px&#8221; background_color=&#8221;#FFFFFF&#8221; custom_button=&#8221;on&#8221; button_text_size=&#8221;20px&#8221; button_text_color=&#8221;#FFFFFF&#8221; button_bg_color=&#8221;#D81EA0&#8243; button_border_width=&#8221;0px&#8221; button_border_color=&#8221;#D81EA0&#8243; button_border_radius=&#8221;29px&#8221; button_letter_spacing=&#8221;2px&#8221; button_font=&#8221;|600|||||||&#8221; custom_margin=&#8221;62px||||false|false&#8221; custom_padding=&#8221;0px||||false|false&#8221; border_radii=&#8221;on|15px|15px|15px|15px&#8221; box_shadow_style=&#8221;preset1&#8243; global_colors_info=&#8221;{}&#8221;][et_pb_contact_field field_id=&#8221;Name&#8221; field_title=&#8221;Name&#8221; fullwidth_field=&#8221;on&#8221; _builder_version=&#8221;4.27.4&#8243; _module_preset=&#8221;default&#8221; global_colors_info=&#8221;{}&#8221;][\/et_pb_contact_field][et_pb_contact_field field_id=&#8221;Phone&#8221; field_title=&#8221;Phone&#8221; _builder_version=&#8221;4.27.4&#8243; global_colors_info=&#8221;{}&#8221; button_text_size__hover_enabled=&#8221;off&#8221; button_one_text_size__hover_enabled=&#8221;off&#8221; button_two_text_size__hover_enabled=&#8221;off&#8221; button_text_color__hover_enabled=&#8221;off&#8221; button_one_text_color__hover_enabled=&#8221;off&#8221; button_two_text_color__hover_enabled=&#8221;off&#8221; button_border_width__hover_enabled=&#8221;off&#8221; button_one_border_width__hover_enabled=&#8221;off&#8221; button_two_border_width__hover_enabled=&#8221;off&#8221; button_border_color__hover_enabled=&#8221;off&#8221; button_one_border_color__hover_enabled=&#8221;off&#8221; button_two_border_color__hover_enabled=&#8221;off&#8221; button_border_radius__hover_enabled=&#8221;off&#8221; button_one_border_radius__hover_enabled=&#8221;off&#8221; button_two_border_radius__hover_enabled=&#8221;off&#8221; button_letter_spacing__hover_enabled=&#8221;off&#8221; button_one_letter_spacing__hover_enabled=&#8221;off&#8221; button_two_letter_spacing__hover_enabled=&#8221;off&#8221; button_bg_color__hover_enabled=&#8221;off&#8221; button_one_bg_color__hover_enabled=&#8221;off&#8221; button_two_bg_color__hover_enabled=&#8221;off&#8221;][\/et_pb_contact_field][et_pb_contact_field field_id=&#8221;Email&#8221; field_title=&#8221;Email Address&#8221; field_type=&#8221;email&#8221; _builder_version=&#8221;4.27.4&#8243; global_colors_info=&#8221;{}&#8221; button_text_size__hover_enabled=&#8221;off&#8221; button_one_text_size__hover_enabled=&#8221;off&#8221; button_two_text_size__hover_enabled=&#8221;off&#8221; button_text_color__hover_enabled=&#8221;off&#8221; button_one_text_color__hover_enabled=&#8221;off&#8221; button_two_text_color__hover_enabled=&#8221;off&#8221; button_border_width__hover_enabled=&#8221;off&#8221; button_one_border_width__hover_enabled=&#8221;off&#8221; button_two_border_width__hover_enabled=&#8221;off&#8221; button_border_color__hover_enabled=&#8221;off&#8221; button_one_border_color__hover_enabled=&#8221;off&#8221; button_two_border_color__hover_enabled=&#8221;off&#8221; button_border_radius__hover_enabled=&#8221;off&#8221; button_one_border_radius__hover_enabled=&#8221;off&#8221; button_two_border_radius__hover_enabled=&#8221;off&#8221; button_letter_spacing__hover_enabled=&#8221;off&#8221; button_one_letter_spacing__hover_enabled=&#8221;off&#8221; button_two_letter_spacing__hover_enabled=&#8221;off&#8221; button_bg_color__hover_enabled=&#8221;off&#8221; button_one_bg_color__hover_enabled=&#8221;off&#8221; button_two_bg_color__hover_enabled=&#8221;off&#8221;][\/et_pb_contact_field][et_pb_contact_field field_id=&#8221;Message&#8221; field_title=&#8221;Message&#8221; field_type=&#8221;text&#8221; fullwidth_field=&#8221;on&#8221; _builder_version=&#8221;4.16&#8243; global_colors_info=&#8221;{}&#8221; button_text_size__hover_enabled=&#8221;off&#8221; button_one_text_size__hover_enabled=&#8221;off&#8221; button_two_text_size__hover_enabled=&#8221;off&#8221; button_text_color__hover_enabled=&#8221;off&#8221; button_one_text_color__hover_enabled=&#8221;off&#8221; button_two_text_color__hover_enabled=&#8221;off&#8221; button_border_width__hover_enabled=&#8221;off&#8221; button_one_border_width__hover_enabled=&#8221;off&#8221; button_two_border_width__hover_enabled=&#8221;off&#8221; button_border_color__hover_enabled=&#8221;off&#8221; button_one_border_color__hover_enabled=&#8221;off&#8221; button_two_border_color__hover_enabled=&#8221;off&#8221; button_border_radius__hover_enabled=&#8221;off&#8221; button_one_border_radius__hover_enabled=&#8221;off&#8221; button_two_border_radius__hover_enabled=&#8221;off&#8221; button_letter_spacing__hover_enabled=&#8221;off&#8221; button_one_letter_spacing__hover_enabled=&#8221;off&#8221; button_two_letter_spacing__hover_enabled=&#8221;off&#8221; button_bg_color__hover_enabled=&#8221;off&#8221; button_one_bg_color__hover_enabled=&#8221;off&#8221; button_two_bg_color__hover_enabled=&#8221;off&#8221;][\/et_pb_contact_field][et_pb_contact_field field_id=&#8221;checkbox&#8221; field_type=&#8221;checkbox&#8221; checkbox_options=&#8221;%91{%22value%22:%22%22,%22checked%22:0,%22dragID%22:-1,%22link_url%22:%22%22,%22link_text%22:%22%22}%93&#8243; required_mark=&#8221;off&#8221; field_title_last_edited=&#8221;off|desktop&#8221; _builder_version=&#8221;4.27.4&#8243; _module_preset=&#8221;default&#8221; form_field_text_color=&#8221;#000000&#8243; form_field_font_size=&#8221;0px&#8221; form_field_line_height=&#8221;1em&#8221; custom_margin=&#8221;3px||-23px||false|false&#8221; global_colors_info=&#8221;{}&#8221;][\/et_pb_contact_field][\/et_pb_contact_form][et_pb_text _builder_version=&#8221;4.27.4&#8243; _module_preset=&#8221;default&#8221; text_font=&#8221;|600|||||||&#8221; text_font_size=&#8221;15px&#8221; text_letter_spacing=&#8221;1px&#8221; max_width=&#8221;54%&#8221; custom_margin=&#8221;-75px|33px||33px|false|true&#8221; custom_padding=&#8221;|126px||0px|false|false&#8221; global_colors_info=&#8221;{}&#8221;]<\/p>\n<p style=\"text-align: left;\">J'accepte la politique de confidentialit\u00e9<\/p>\n<p>[\/et_pb_text][et_pb_icon font_icon=&#8221;&#xf35d;||fa||900&#8243; icon_color=&#8221;#000000&#8243; icon_width=&#8221;13px&#8221; align=&#8221;right&#8221; admin_label=&#8221;Icon&#8221; _builder_version=&#8221;4.27.4&#8243; _module_preset=&#8221;default&#8221; custom_margin=&#8221;-55px|393px||181px|false|false&#8221; custom_padding=&#8221;|281px|3px|73px|false|false&#8221; global_colors_info=&#8221;{}&#8221;][\/et_pb_icon][\/et_pb_column][et_pb_column type=&#8221;1_4&#8243; _builder_version=&#8221;4.27.4&#8243; _module_preset=&#8221;default&#8221; transform_scale=&#8221;127%|127%&#8221; custom_padding=&#8221;30px|8px|40px|8px|false|false&#8221; box_shadow_style=&#8221;preset1&#8243; global_colors_info=&#8221;{}&#8221;][et_pb_image src=&#8221;https:\/\/protechafrique.com\/wp-content\/uploads\/2025\/04\/LOGO-BON-pp-scaled.png&#8221; title_text=&#8221;LOGO-BON pp&#8221; _builder_version=&#8221;4.27.4&#8243; _module_preset=&#8221;default&#8221; global_colors_info=&#8221;{}&#8221;][\/et_pb_image][et_pb_icon font_icon=&#8221;&#xf1d8;||fa||900&#8243; icon_color=&#8221;#000000&#8243; icon_width=&#8221;34px&#8221; _builder_version=&#8221;4.27.4&#8243; _module_preset=&#8221;default&#8221; custom_margin=&#8221;|||-197px|false|false&#8221; global_colors_info=&#8221;{}&#8221;][\/et_pb_icon][et_pb_text _builder_version=&#8221;4.27.4&#8243; _module_preset=&#8221;default&#8221; header_4_font=&#8221;Arimo|700|||||||&#8221; header_4_font_size=&#8221;23px&#8221; max_width=&#8221;36%&#8221; height=&#8221;0px&#8221; custom_margin=&#8221;-55px|||82px|false|false&#8221; custom_padding=&#8221;||||false|false&#8221; global_colors_info=&#8221;{}&#8221;]<\/p>\n<h4>Email<\/h4>\n<p>[\/et_pb_text][et_pb_text _builder_version=&#8221;4.27.4&#8243; _module_preset=&#8221;default&#8221; header_4_font=&#8221;Arimo|500|||||||&#8221; custom_margin=&#8221;||||false|false&#8221; custom_padding=&#8221;||||false|false&#8221; global_colors_info=&#8221;{}&#8221;]<\/p>\n<h4 style=\"text-align: center;\">Info@protechafrique.com<\/h4>\n<p>[\/et_pb_text][et_pb_icon font_icon=&#8221;&#xe00b;||divi||400&#8243; icon_color=&#8221;#000000&#8243; icon_width=&#8221;34px&#8221; _builder_version=&#8221;4.27.4&#8243; _module_preset=&#8221;default&#8221; custom_margin=&#8221;|||-197px|false|false&#8221; global_colors_info=&#8221;{}&#8221;][\/et_pb_icon][et_pb_text _builder_version=&#8221;4.27.4&#8243; _module_preset=&#8221;default&#8221; header_4_font=&#8221;Arimo|700|||||||&#8221; header_4_font_size=&#8221;23px&#8221; custom_margin=&#8221;-60px|||82px|false|false&#8221; global_colors_info=&#8221;{}&#8221;]<\/p>\n<h4>TEL<\/h4>\n<p>[\/et_pb_text][et_pb_text _builder_version=&#8221;4.27.4&#8243; _module_preset=&#8221;default&#8221; header_4_font=&#8221;Arimo|500|||||||&#8221; header_4_text_align=&#8221;center&#8221; custom_margin=&#8221;-22px||||false|false&#8221; global_colors_info=&#8221;{}&#8221;]<\/p>\n<h4>+2250747788998<\/h4>\n<p>[\/et_pb_text][et_pb_icon font_icon=&#8221;&#xe081;||divi||400&#8243; icon_color=&#8221;#000000&#8243; icon_width=&#8221;34px&#8221; _builder_version=&#8221;4.27.4&#8243; _module_preset=&#8221;default&#8221; custom_margin=&#8221;|||-197px|false|false&#8221; global_colors_info=&#8221;{}&#8221;][\/et_pb_icon][et_pb_text admin_label=&#8221;Text&#8221; _builder_version=&#8221;4.27.4&#8243; _module_preset=&#8221;default&#8221; header_4_font=&#8221;Arimo|700|||||||&#8221; header_4_font_size=&#8221;22px&#8221; custom_margin=&#8221;-61px|||82px|false|false&#8221; global_colors_info=&#8221;{}&#8221;]<\/p>\n<h4>Addresse<\/h4>\n<p>[\/et_pb_text][et_pb_text _builder_version=&#8221;4.27.4&#8243; _module_preset=&#8221;default&#8221; header_5_font=&#8221;Arimo|500|||||||&#8221; header_5_text_align=&#8221;center&#8221; custom_margin=&#8221;-23px||||false|false&#8221; global_colors_info=&#8221;{}&#8221;]<\/p>\n<h5 style=\"text-align: center;\">Koumassi Quartier Divo not loin de la Pharmacie quartier Divo, Abidjan &#8211; Cote D&#8217;ivoire<\/h5>\n<p>[\/et_pb_text][et_pb_icon font_icon=&#8221;&#xe0c1;||divi||400&#8243; icon_color=&#8221;#007FE0&#8243; icon_width=&#8221;34px&#8221; _builder_version=&#8221;4.27.4&#8243; _module_preset=&#8221;default&#8221; custom_margin=&#8221;|||-197px|false|false&#8221; global_colors_info=&#8221;{}&#8221;][\/et_pb_icon][et_pb_text _builder_version=&#8221;4.27.4&#8243; _module_preset=&#8221;default&#8221; header_4_font=&#8221;Arimo|700|||||||&#8221; header_4_font_size=&#8221;23px&#8221; custom_margin=&#8221;-63px|||82px|false|false&#8221; global_colors_info=&#8221;{}&#8221;]<\/p>\n<h4>Facebook<\/h4>\n<p>[\/et_pb_text][et_pb_icon font_icon=&#8221;&#xf232;||fa||400&#8243; icon_color=&#8221;#1DD755&#8243; icon_width=&#8221;34px&#8221; _builder_version=&#8221;4.27.4&#8243; _module_preset=&#8221;default&#8221; custom_margin=&#8221;|||-197px|false|false&#8221; global_colors_info=&#8221;{}&#8221;][\/et_pb_icon][et_pb_text _builder_version=&#8221;4.27.4&#8243; _module_preset=&#8221;default&#8221; header_4_font=&#8221;Arimo|700|||||||&#8221; header_4_font_size=&#8221;23px&#8221; custom_margin=&#8221;-59px|||82px|false|false&#8221; global_colors_info=&#8221;{}&#8221;]<\/p>\n<h4 style=\"text-align: left;\">Whatsapp<\/h4>\n<p>[\/et_pb_text][\/et_pb_column][\/et_pb_row][\/et_pb_section][et_pb_section fb_built=&#8221;1&#8243; _builder_version=&#8221;4.27.4&#8243; _module_preset=&#8221;default&#8221; module_alignment=&#8221;center&#8221; custom_margin=&#8221;-4px||-4px||false|false&#8221; custom_padding=&#8221;3px||0px||false|false&#8221; global_colors_info=&#8221;{}&#8221; theme_builder_area=&#8221;post_content&#8221;][et_pb_row _builder_version=&#8221;4.27.4&#8243; _module_preset=&#8221;default&#8221; global_colors_info=&#8221;{}&#8221; theme_builder_area=&#8221;post_content&#8221;][et_pb_column type=&#8221;4_4&#8243; _builder_version=&#8221;4.27.4&#8243; _module_preset=&#8221;default&#8221; global_colors_info=&#8221;{}&#8221; theme_builder_area=&#8221;post_content&#8221;][et_pb_text _builder_version=&#8221;4.27.4&#8243; _module_preset=&#8221;default&#8221; text_font=&#8221;|600|||||||&#8221; text_text_color=&#8221;#000000&#8243; text_letter_spacing=&#8221;1px&#8221; text_line_height=&#8221;1.9em&#8221; text_orientation=&#8221;justified&#8221; global_colors_info=&#8221;{}&#8221; theme_builder_area=&#8221;post_content&#8221;]<\/p>\n<p style=\"text-align: center;\"><span>\u00a9 Protech Afrique | Large format printers repair | <\/span><strong><a href=\"https:\/\/www.printerfix.ie\/cookie-policy-eu\/\">Cookie Policy<\/a><\/strong><span>\u00a0|\u00a0<\/span><strong><a href=\"https:\/\/www.printerfix.ie\/privacy-policy\/\">Privacy Policy<\/a><\/strong><span>\u00a0<\/span><span>|<\/span><span> web design by\u00a0<\/span><strong><a href=\"https:\/\/rvdesign.ie\/\" target=\"_blank\" rel=\"noopener noreferrer\">Protech Design<\/a><\/strong><\/p>\n<p>[\/et_pb_text][\/et_pb_column][\/et_pb_row][\/et_pb_section]<\/p>","protected":false},"excerpt":{"rendered":"<p>Our servicesEmergency service repairsRapid on-site response to fix a defective printerIf your printer has broken or developed a serious fault our expert team will diagnose the problem and plan a time for one of our fully certified Engineers to come on-site to repair the machine. Our priority is to have your fixed and printing for [&hellip;]<\/p>","protected":false},"author":1,"featured_media":0,"parent":0,"menu_order":0,"comment_status":"closed","ping_status":"closed","template":"","meta":{"_et_pb_use_builder":"on","_et_pb_old_content":"","_et_gb_content_width":"","footnotes":""},"class_list":["post-128","page","type-page","status-publish","hentry"],"_links":{"self":[{"href":"https:\/\/protechafrique.com\/fr\/wp-json\/wp\/v2\/pages\/128","targetHints":{"allow":["GET"]}}],"collection":[{"href":"https:\/\/protechafrique.com\/fr\/wp-json\/wp\/v2\/pages"}],"about":[{"href":"https:\/\/protechafrique.com\/fr\/wp-json\/wp\/v2\/types\/page"}],"author":[{"embeddable":true,"href":"https:\/\/protechafrique.com\/fr\/wp-json\/wp\/v2\/users\/1"}],"replies":[{"embeddable":true,"href":"https:\/\/protechafrique.com\/fr\/wp-json\/wp\/v2\/comments?post=128"}],"version-history":[{"count":17,"href":"https:\/\/protechafrique.com\/fr\/wp-json\/wp\/v2\/pages\/128\/revisions"}],"predecessor-version":[{"id":837,"href":"https:\/\/protechafrique.com\/fr\/wp-json\/wp\/v2\/pages\/128\/revisions\/837"}],"wp:attachment":[{"href":"https:\/\/protechafrique.com\/fr\/wp-json\/wp\/v2\/media?parent=128"}],"curies":[{"name":"wp","href":"https:\/\/api.w.org\/{rel}","templated":true}]}}